{"id":98,"date":"2023-08-01T12:28:19","date_gmt":"2023-08-01T12:28:19","guid":{"rendered":"https:\/\/www.less2care.com\/?page_id=98"},"modified":"2025-11-04T11:14:50","modified_gmt":"2025-11-04T11:14:50","slug":"iso-bag-gecertificeerde-vacumeerzakken","status":"publish","type":"page","link":"https:\/\/www.less2care.com\/de\/iso-bag-gecertificeerde-vacumeerzakken\/","title":{"rendered":"Iso-Bag"},"content":{"rendered":"<div data-elementor-type=\"wp-page\" data-elementor-id=\"98\" class=\"elementor elementor-98\" data-elementor-post-type=\"page\">\n\t\t\t\t<div class=\"elementor-element elementor-element-70c1992 e-con-full e-flex e-con e-parent\" data-id=\"70c1992\" data-element_type=\"container\" data-settings=\"{&quot;background_background&quot;:&quot;classic&quot;}\">\n\t\t<div class=\"elementor-element elementor-element-1e6f719 e-con-full e-flex e-con e-child\" data-id=\"1e6f719\" data-element_type=\"container\" data-settings=\"{&quot;background_background&quot;:&quot;classic&quot;}\">\n\t\t\t\t<div class=\"elementor-element elementor-element-3d72e2a elementor-widget elementor-widget-heading\" data-id=\"3d72e2a\" data-element_type=\"widget\" data-widget_type=\"heading.default\">\n\t\t\t\t<div class=\"elementor-widget-container\">\n\t\t\t\t\t<h1 class=\"elementor-heading-title elementor-size-default\">Hygienische und geruchsfreie Umgebung mit dem Iso-Bag<\/h1>\t\t\t\t<\/div>\n\t\t\t\t<\/div>\n\t\t\t\t<\/div>\n\t\t\t\t<\/div>\n\t\t<div class=\"elementor-element elementor-element-6e1a5048 e-flex e-con-boxed e-con e-parent\" data-id=\"6e1a5048\" data-element_type=\"container\">\n\t\t\t\t\t<div class=\"e-con-inner\">\n\t\t<div class=\"elementor-element elementor-element-580e4eac e-con-full e-flex e-con e-child\" data-id=\"580e4eac\" data-element_type=\"container\">\n\t\t\t\t<div class=\"elementor-element elementor-element-193e71e2 elementor-widget elementor-widget-heading\" data-id=\"193e71e2\" data-element_type=\"widget\" data-widget_type=\"heading.default\">\n\t\t\t\t<div class=\"elementor-widget-container\">\n\t\t\t\t\t<h2 class=\"elementor-heading-title elementor-size-default\">Geruchlos und neutral<\/h2>\t\t\t\t<\/div>\n\t\t\t\t<\/div>\n\t\t\t\t<div class=\"elementor-element elementor-element-1afa13a1 elementor-widget elementor-widget-text-editor\" data-id=\"1afa13a1\" data-element_type=\"widget\" data-widget_type=\"text-editor.default\">\n\t\t\t\t<div class=\"elementor-widget-container\">\n\t\t\t\t\t\t\t\t\t<p>Unser Iso-Bag hat eine zertifizierte Sicherheitsstruktur. Und ist zu 100% geruchs-, luft- und feuchtigkeitsdicht. Also nicht por\u00f6s wie alle normalen Abfalls\u00e4cke. <strong>So k\u00f6nnen Sie die Ausbreitung von unangenehmen Ger\u00fcchen und die Infektionsgefahr mit Krankheitserregern wirksam verhindern.<\/strong><\/p><p>Die Iso-Bags sind nachhaltig im Gebrauch. Die Folie besteht zu 100% aus PE-Material und ist 100% recycelbar. Auch der Rohstoff f\u00fcr die Folie wird aus 30% recyceltem Material hergestellt.<\/p>\t\t\t\t\t\t\t\t<\/div>\n\t\t\t\t<\/div>\n\t\t<div class=\"elementor-element elementor-element-7b355992 e-flex e-con-boxed e-con e-child\" data-id=\"7b355992\" data-element_type=\"container\">\n\t\t\t\t\t<div class=\"e-con-inner\">\n\t\t\t\t<div class=\"elementor-element elementor-element-59542cb0 elementor-widget elementor-widget-button\" data-id=\"59542cb0\" data-element_type=\"widget\" data-widget_type=\"button.default\">\n\t\t\t\t<div class=\"elementor-widget-container\">\n\t\t\t\t\t\t\t\t\t<div class=\"elementor-button-wrapper\">\n\t\t\t\t\t<a class=\"elementor-button elementor-button-link elementor-size-sm\" href=\"\/de\/brochure-aanvragen\/\">\n\t\t\t\t\t\t<span class=\"elementor-button-content-wrapper\">\n\t\t\t\t\t\t\t\t\t<span class=\"elementor-button-text\">Brosch\u00fcre downloaden<\/span>\n\t\t\t\t\t<\/span>\n\t\t\t\t\t<\/a>\n\t\t\t\t<\/div>\n\t\t\t\t\t\t\t\t<\/div>\n\t\t\t\t<\/div>\n\t\t\t\t\t<\/div>\n\t\t\t\t<\/div>\n\t\t\t\t<\/div>\n\t\t\t\t<div class=\"elementor-element elementor-element-2f99bdfd elementor-widget__width-initial elementor-invisible elementor-widget elementor-widget-image\" data-id=\"2f99bdfd\" data-element_type=\"widget\" data-settings=\"{&quot;_animation&quot;:&quot;fadeInRight&quot;}\" data-widget_type=\"image.default\">\n\t\t\t\t<div class=\"elementor-widget-container\">\n\t\t\t\t\t\t\t\t\t\t\t\t\t\t\t<img fetchpriority=\"high\" decoding=\"async\" width=\"208\" height=\"300\" src=\"https:\/\/www.less2care.com\/wp-content\/uploads\/2023\/08\/Iso-Bag-1-208x300.png\" class=\"attachment-medium size-medium wp-image-658\" alt=\"Iso-Bag\" srcset=\"https:\/\/www.less2care.com\/wp-content\/uploads\/2023\/08\/Iso-Bag-1-208x300.png 208w, https:\/\/www.less2care.com\/wp-content\/uploads\/2023\/08\/Iso-Bag-1-711x1024.png 711w, https:\/\/www.less2care.com\/wp-content\/uploads\/2023\/08\/Iso-Bag-1-768x1106.png 768w, https:\/\/www.less2care.com\/wp-content\/uploads\/2023\/08\/Iso-Bag-1-1066x1536.png 1066w, https:\/\/www.less2care.com\/wp-content\/uploads\/2023\/08\/Iso-Bag-1-1422x2048.png 1422w, https:\/\/www.less2care.com\/wp-content\/uploads\/2023\/08\/Iso-Bag-1-8x12.png 8w\" sizes=\"(max-width: 208px) 100vw, 208px\" \/>\t\t\t\t\t\t\t\t\t\t\t\t\t\t\t<\/div>\n\t\t\t\t<\/div>\n\t\t\t\t\t<\/div>\n\t\t\t\t<\/div>\n\t\t<div class=\"elementor-element elementor-element-47b4eac4 e-con-full e-flex e-con e-parent\" data-id=\"47b4eac4\" data-element_type=\"container\" data-settings=\"{&quot;background_background&quot;:&quot;classic&quot;}\">\n\t\t\t\t<div class=\"elementor-element elementor-element-722f96fd elementor-widget elementor-widget-heading\" data-id=\"722f96fd\" data-element_type=\"widget\" data-widget_type=\"heading.default\">\n\t\t\t\t<div class=\"elementor-widget-container\">\n\t\t\t\t\t<h2 class=\"elementor-heading-title elementor-size-default\">Zelf ervaren?<\/h2>\t\t\t\t<\/div>\n\t\t\t\t<\/div>\n\t\t\t\t<div class=\"elementor-element elementor-element-bff6827 elementor-widget elementor-widget-heading\" data-id=\"bff6827\" data-element_type=\"widget\" data-widget_type=\"heading.default\">\n\t\t\t\t<div class=\"elementor-widget-container\">\n\t\t\t\t\t<h2 class=\"elementor-heading-title elementor-size-default\">Vraag een vrijblijvende demo of proefplaatsing aan<\/h2>\t\t\t\t<\/div>\n\t\t\t\t<\/div>\n\t\t\t\t<div class=\"elementor-element elementor-element-1a35a110 elementor-align-center elementor-widget elementor-widget-button\" data-id=\"1a35a110\" data-element_type=\"widget\" data-widget_type=\"button.default\">\n\t\t\t\t<div class=\"elementor-widget-container\">\n\t\t\t\t\t\t\t\t\t<div class=\"elementor-button-wrapper\">\n\t\t\t\t\t<a class=\"elementor-button elementor-button-link elementor-size-sm\" href=\"\/de\/contact\/\">\n\t\t\t\t\t\t<span class=\"elementor-button-content-wrapper\">\n\t\t\t\t\t\t\t\t\t<span class=\"elementor-button-text\">Klik hier<\/span>\n\t\t\t\t\t<\/span>\n\t\t\t\t\t<\/a>\n\t\t\t\t<\/div>\n\t\t\t\t\t\t\t\t<\/div>\n\t\t\t\t<\/div>\n\t\t\t\t<\/div>\n\t\t<div class=\"elementor-element elementor-element-6e8daa e-flex e-con-boxed e-con e-parent\" data-id=\"6e8daa\" data-element_type=\"container\">\n\t\t\t\t\t<div class=\"e-con-inner\">\n\t\t\t\t<div class=\"elementor-element elementor-element-7912ba4a elementor-widget__width-initial elementor-widget-tablet__width-inherit elementor-widget elementor-widget-image\" data-id=\"7912ba4a\" data-element_type=\"widget\" data-widget_type=\"image.default\">\n\t\t\t\t<div class=\"elementor-widget-container\">\n\t\t\t\t\t\t\t\t\t\t\t\t\t\t\t<img decoding=\"async\" width=\"800\" height=\"532\" src=\"https:\/\/www.less2care.com\/wp-content\/uploads\/2023\/09\/DSC_9301-1024x681.jpg\" class=\"attachment-large size-large wp-image-1653\" alt=\"Gevacumeerde Iso-Bag in Iso-Air\" srcset=\"https:\/\/www.less2care.com\/wp-content\/uploads\/2023\/09\/DSC_9301-1024x681.jpg 1024w, https:\/\/www.less2care.com\/wp-content\/uploads\/2023\/09\/DSC_9301-300x200.jpg 300w, https:\/\/www.less2care.com\/wp-content\/uploads\/2023\/09\/DSC_9301-768x511.jpg 768w, https:\/\/www.less2care.com\/wp-content\/uploads\/2023\/09\/DSC_9301-1536x1022.jpg 1536w, https:\/\/www.less2care.com\/wp-content\/uploads\/2023\/09\/DSC_9301-2048x1363.jpg 2048w, https:\/\/www.less2care.com\/wp-content\/uploads\/2023\/09\/DSC_9301-18x12.jpg 18w\" sizes=\"(max-width: 800px) 100vw, 800px\" \/>\t\t\t\t\t\t\t\t\t\t\t\t\t\t\t<\/div>\n\t\t\t\t<\/div>\n\t\t<div class=\"elementor-element elementor-element-35064321 e-con-full e-flex e-con e-child\" data-id=\"35064321\" data-element_type=\"container\">\n\t\t\t\t<div class=\"elementor-element elementor-element-2246e783 elementor-widget__width-initial elementor-widget elementor-widget-image\" data-id=\"2246e783\" data-element_type=\"widget\" data-widget_type=\"image.default\">\n\t\t\t\t<div class=\"elementor-widget-container\">\n\t\t\t\t\t\t\t\t\t\t\t\t\t\t\t<img decoding=\"async\" width=\"300\" height=\"121\" src=\"https:\/\/www.less2care.com\/wp-content\/uploads\/2023\/08\/Iso-Bag-300x121.png\" class=\"attachment-medium size-medium wp-image-232\" alt=\"Logo Iso-Bag\" srcset=\"https:\/\/www.less2care.com\/wp-content\/uploads\/2023\/08\/Iso-Bag-300x121.png 300w, https:\/\/www.less2care.com\/wp-content\/uploads\/2023\/08\/Iso-Bag.png 307w\" sizes=\"(max-width: 300px) 100vw, 300px\" \/>\t\t\t\t\t\t\t\t\t\t\t\t\t\t\t<\/div>\n\t\t\t\t<\/div>\n\t\t\t\t<div class=\"elementor-element elementor-element-3a2d2761 elementor-widget elementor-widget-heading\" data-id=\"3a2d2761\" data-element_type=\"widget\" data-widget_type=\"heading.default\">\n\t\t\t\t<div class=\"elementor-widget-container\">\n\t\t\t\t\t<h2 class=\"elementor-heading-title elementor-size-default\">Patentierter Iso-Bag<\/h2>\t\t\t\t<\/div>\n\t\t\t\t<\/div>\n\t\t\t\t<div class=\"elementor-element elementor-element-3abb1806 elementor-widget elementor-widget-text-editor\" data-id=\"3abb1806\" data-element_type=\"widget\" data-widget_type=\"text-editor.default\">\n\t\t\t\t<div class=\"elementor-widget-container\">\n\t\t\t\t\t\t\t\t\t<p>Mit dem Iso-Bag in Kombination mit dem <a href=\"https:\/\/www.less2care.com\/de\/iso-air\/\">Iso-Air<\/a> und dem\u00a0<a href=\"https:\/\/www.less2care.com\/de\/iso-safe-inzamelsysteem\/\">Iso-Safe<\/a> k\u00f6nnen verschmutzte Inkontinenzmaterialien und s\u00e4mtliche Pflegeabf\u00e4lle sicher eingesammelt werden.<\/p><p>Dadurch werden Krankheitserreger und unangenehme Ger\u00fcche isoliert, was direkt zu einem verbesserten Lebens- und Arbeitsumfeld und Wohlbefinden f\u00fchrt. F\u00fcr alle Personen in der Pflegeeinrichtung.<\/p>\t\t\t\t\t\t\t\t<\/div>\n\t\t\t\t<\/div>\n\t\t\t\t<div class=\"elementor-element elementor-element-3726da53 elementor-widget elementor-widget-button\" data-id=\"3726da53\" data-element_type=\"widget\" data-widget_type=\"button.default\">\n\t\t\t\t<div class=\"elementor-widget-container\">\n\t\t\t\t\t\t\t\t\t<div class=\"elementor-button-wrapper\">\n\t\t\t\t\t<a class=\"elementor-button elementor-button-link elementor-size-sm\" href=\"https:\/\/www.less2care.com\/de\/ontwikkelingen\/geuroverlast-in-de-zorg\/\">\n\t\t\t\t\t\t<span class=\"elementor-button-content-wrapper\">\n\t\t\t\t\t\t\t\t\t<span class=\"elementor-button-text\">Lesen Sie mehr \u00fcber die Auswirkungen von Geruchsbel\u00e4stigung.<\/span>\n\t\t\t\t\t<\/span>\n\t\t\t\t\t<\/a>\n\t\t\t\t<\/div>\n\t\t\t\t\t\t\t\t<\/div>\n\t\t\t\t<\/div>\n\t\t\t\t<\/div>\n\t\t\t\t\t<\/div>\n\t\t\t\t<\/div>\n\t\t\t\t<\/div>","protected":false},"excerpt":{"rendered":"<p>Hygi\u00ebnische en geurloze omgeving met de Iso-Bag Geurloos en neutraal Onze Iso-Bag heeft een gecertificeerde veiligheidsstructuur. En is 100% geur-, lucht- en vochtdicht. Dus niet poreus zoals alle normale afvalzakken. Zo kun je effectief de verspreiding van onaangename geuren en besmettingsgevaar met pathogenen tegen gaan. De Iso-Bags zijn duurzaam in gebruik. De folie is van [&hellip;]<\/p>","protected":false},"author":2,"featured_media":0,"parent":0,"menu_order":0,"comment_status":"closed","ping_status":"closed","template":"","meta":{"content-type":"","footnotes":""},"class_list":["post-98","page","type-page","status-publish","hentry"],"yoast_head":"<!-- This site is optimized with the Yoast SEO Premium plugin v26.5 (Yoast SEO v26.5) - https:\/\/yoast.com\/wordpress\/plugins\/seo\/ -->\n<title>Iso-Bag - Less2Care<\/title>\n<meta name=\"description\" content=\"De Iso-Bag is de basis voor hygi\u00ebne en zo kan je effectief besmettingsgevaar met pathogenen tegen gaan en geuroverlast oplossen.\" \/>\n<meta name=\"robots\" content=\"index, follow, max-snippet:-1, max-image-preview:large, max-video-preview:-1\" \/>\n<link rel=\"canonical\" href=\"https:\/\/www.less2care.com\/de\/iso-bag-gecertificeerde-vacumeerzakken\/\" \/>\n<meta property=\"og:locale\" content=\"de_DE\" \/>\n<meta property=\"og:type\" content=\"article\" \/>\n<meta property=\"og:title\" content=\"Iso-Bag\" \/>\n<meta property=\"og:description\" content=\"De Iso-Bag is de basis voor hygi\u00ebne en zo kan je effectief besmettingsgevaar met pathogenen tegen gaan en geuroverlast oplossen.\" \/>\n<meta property=\"og:url\" content=\"https:\/\/www.less2care.com\/de\/iso-bag-gecertificeerde-vacumeerzakken\/\" \/>\n<meta property=\"og:site_name\" content=\"Less2Care\" \/>\n<meta property=\"article:modified_time\" content=\"2025-11-04T11:14:50+00:00\" \/>\n<meta property=\"og:image\" content=\"https:\/\/www.less2care.com\/wp-content\/uploads\/2023\/08\/Iso-Bag-1.png\" \/>\n\t<meta property=\"og:image:width\" content=\"2084\" \/>\n\t<meta property=\"og:image:height\" content=\"3002\" \/>\n\t<meta property=\"og:image:type\" content=\"image\/png\" \/>\n<meta name=\"twitter:card\" content=\"summary_large_image\" \/>\n<meta name=\"twitter:label1\" content=\"Gesch\u00e4tzte Lesezeit\" \/>\n\t<meta name=\"twitter:data1\" content=\"2\u00a0Minuten\" \/>\n<script type=\"application\/ld+json\" class=\"yoast-schema-graph\">{\"@context\":\"https:\/\/schema.org\",\"@graph\":[{\"@type\":\"WebPage\",\"@id\":\"https:\/\/www.less2care.com\/iso-bag-gecertificeerde-vacumeerzakken\/\",\"url\":\"https:\/\/www.less2care.com\/iso-bag-gecertificeerde-vacumeerzakken\/\",\"name\":\"Iso-Bag - Less2Care\",\"isPartOf\":{\"@id\":\"https:\/\/www.less2care.com\/#website\"},\"primaryImageOfPage\":{\"@id\":\"https:\/\/www.less2care.com\/iso-bag-gecertificeerde-vacumeerzakken\/#primaryimage\"},\"image\":{\"@id\":\"https:\/\/www.less2care.com\/iso-bag-gecertificeerde-vacumeerzakken\/#primaryimage\"},\"thumbnailUrl\":\"https:\/\/www.less2care.com\/wp-content\/uploads\/2023\/08\/Iso-Bag-1-208x300.png\",\"datePublished\":\"2023-08-01T12:28:19+00:00\",\"dateModified\":\"2025-11-04T11:14:50+00:00\",\"description\":\"De Iso-Bag is de basis voor hygi\u00ebne en zo kan je effectief besmettingsgevaar met pathogenen tegen gaan en geuroverlast oplossen.\",\"breadcrumb\":{\"@id\":\"https:\/\/www.less2care.com\/iso-bag-gecertificeerde-vacumeerzakken\/#breadcrumb\"},\"inLanguage\":\"de\",\"potentialAction\":[{\"@type\":\"ReadAction\",\"target\":[\"https:\/\/www.less2care.com\/iso-bag-gecertificeerde-vacumeerzakken\/\"]}]},{\"@type\":\"ImageObject\",\"inLanguage\":\"de\",\"@id\":\"https:\/\/www.less2care.com\/iso-bag-gecertificeerde-vacumeerzakken\/#primaryimage\",\"url\":\"https:\/\/www.less2care.com\/wp-content\/uploads\/2023\/08\/Iso-Bag-1-208x300.png\",\"contentUrl\":\"https:\/\/www.less2care.com\/wp-content\/uploads\/2023\/08\/Iso-Bag-1-208x300.png\"},{\"@type\":\"BreadcrumbList\",\"@id\":\"https:\/\/www.less2care.com\/iso-bag-gecertificeerde-vacumeerzakken\/#breadcrumb\",\"itemListElement\":[{\"@type\":\"ListItem\",\"position\":1,\"name\":\"Home\",\"item\":\"https:\/\/www.less2care.com\/\"},{\"@type\":\"ListItem\",\"position\":2,\"name\":\"Iso-Bag\"}]},{\"@type\":\"WebSite\",\"@id\":\"https:\/\/www.less2care.com\/#website\",\"url\":\"https:\/\/www.less2care.com\/\",\"name\":\"Less2Care\",\"description\":\"Wij zorgen voor waardige zorg\",\"publisher\":{\"@id\":\"https:\/\/www.less2care.com\/#organization\"},\"potentialAction\":[{\"@type\":\"SearchAction\",\"target\":{\"@type\":\"EntryPoint\",\"urlTemplate\":\"https:\/\/www.less2care.com\/?s={search_term_string}\"},\"query-input\":{\"@type\":\"PropertyValueSpecification\",\"valueRequired\":true,\"valueName\":\"search_term_string\"}}],\"inLanguage\":\"de\"},{\"@type\":\"Organization\",\"@id\":\"https:\/\/www.less2care.com\/#organization\",\"name\":\"Less2Care\",\"url\":\"https:\/\/www.less2care.com\/\",\"logo\":{\"@type\":\"ImageObject\",\"inLanguage\":\"de\",\"@id\":\"https:\/\/www.less2care.com\/#\/schema\/logo\/image\/\",\"url\":\"https:\/\/www.less2care.com\/wp-content\/uploads\/2023\/08\/cropped-kleur-logo-liggend-L2C.png\",\"contentUrl\":\"https:\/\/www.less2care.com\/wp-content\/uploads\/2023\/08\/cropped-kleur-logo-liggend-L2C.png\",\"width\":2136,\"height\":441,\"caption\":\"Less2Care\"},\"image\":{\"@id\":\"https:\/\/www.less2care.com\/#\/schema\/logo\/image\/\"}}]}<\/script>\n<!-- \/ Yoast SEO Premium plugin. -->","yoast_head_json":{"title":"Iso-Bag - Less2Care","description":"De Iso-Bag is de basis voor hygi\u00ebne en zo kan je effectief besmettingsgevaar met pathogenen tegen gaan en geuroverlast oplossen.","robots":{"index":"index","follow":"follow","max-snippet":"max-snippet:-1","max-image-preview":"max-image-preview:large","max-video-preview":"max-video-preview:-1"},"canonical":"https:\/\/www.less2care.com\/de\/iso-bag-gecertificeerde-vacumeerzakken\/","og_locale":"de_DE","og_type":"article","og_title":"Iso-Bag","og_description":"De Iso-Bag is de basis voor hygi\u00ebne en zo kan je effectief besmettingsgevaar met pathogenen tegen gaan en geuroverlast oplossen.","og_url":"https:\/\/www.less2care.com\/de\/iso-bag-gecertificeerde-vacumeerzakken\/","og_site_name":"Less2Care","article_modified_time":"2025-11-04T11:14:50+00:00","og_image":[{"width":2084,"height":3002,"url":"https:\/\/www.less2care.com\/wp-content\/uploads\/2023\/08\/Iso-Bag-1.png","type":"image\/png"}],"twitter_card":"summary_large_image","twitter_misc":{"Gesch\u00e4tzte Lesezeit":"2\u00a0Minuten"},"schema":{"@context":"https:\/\/schema.org","@graph":[{"@type":"WebPage","@id":"https:\/\/www.less2care.com\/iso-bag-gecertificeerde-vacumeerzakken\/","url":"https:\/\/www.less2care.com\/iso-bag-gecertificeerde-vacumeerzakken\/","name":"Iso-Bag - Less2Care","isPartOf":{"@id":"https:\/\/www.less2care.com\/#website"},"primaryImageOfPage":{"@id":"https:\/\/www.less2care.com\/iso-bag-gecertificeerde-vacumeerzakken\/#primaryimage"},"image":{"@id":"https:\/\/www.less2care.com\/iso-bag-gecertificeerde-vacumeerzakken\/#primaryimage"},"thumbnailUrl":"https:\/\/www.less2care.com\/wp-content\/uploads\/2023\/08\/Iso-Bag-1-208x300.png","datePublished":"2023-08-01T12:28:19+00:00","dateModified":"2025-11-04T11:14:50+00:00","description":"De Iso-Bag is de basis voor hygi\u00ebne en zo kan je effectief besmettingsgevaar met pathogenen tegen gaan en geuroverlast oplossen.","breadcrumb":{"@id":"https:\/\/www.less2care.com\/iso-bag-gecertificeerde-vacumeerzakken\/#breadcrumb"},"inLanguage":"de","potentialAction":[{"@type":"ReadAction","target":["https:\/\/www.less2care.com\/iso-bag-gecertificeerde-vacumeerzakken\/"]}]},{"@type":"ImageObject","inLanguage":"de","@id":"https:\/\/www.less2care.com\/iso-bag-gecertificeerde-vacumeerzakken\/#primaryimage","url":"https:\/\/www.less2care.com\/wp-content\/uploads\/2023\/08\/Iso-Bag-1-208x300.png","contentUrl":"https:\/\/www.less2care.com\/wp-content\/uploads\/2023\/08\/Iso-Bag-1-208x300.png"},{"@type":"BreadcrumbList","@id":"https:\/\/www.less2care.com\/iso-bag-gecertificeerde-vacumeerzakken\/#breadcrumb","itemListElement":[{"@type":"ListItem","position":1,"name":"Home","item":"https:\/\/www.less2care.com\/"},{"@type":"ListItem","position":2,"name":"Iso-Bag"}]},{"@type":"WebSite","@id":"https:\/\/www.less2care.com\/#website","url":"https:\/\/www.less2care.com\/","name":"Less2Care","description":"Wij zorgen voor waardige zorg","publisher":{"@id":"https:\/\/www.less2care.com\/#organization"},"potentialAction":[{"@type":"SearchAction","target":{"@type":"EntryPoint","urlTemplate":"https:\/\/www.less2care.com\/?s={search_term_string}"},"query-input":{"@type":"PropertyValueSpecification","valueRequired":true,"valueName":"search_term_string"}}],"inLanguage":"de"},{"@type":"Organization","@id":"https:\/\/www.less2care.com\/#organization","name":"Less2Care","url":"https:\/\/www.less2care.com\/","logo":{"@type":"ImageObject","inLanguage":"de","@id":"https:\/\/www.less2care.com\/#\/schema\/logo\/image\/","url":"https:\/\/www.less2care.com\/wp-content\/uploads\/2023\/08\/cropped-kleur-logo-liggend-L2C.png","contentUrl":"https:\/\/www.less2care.com\/wp-content\/uploads\/2023\/08\/cropped-kleur-logo-liggend-L2C.png","width":2136,"height":441,"caption":"Less2Care"},"image":{"@id":"https:\/\/www.less2care.com\/#\/schema\/logo\/image\/"}}]}},"_links":{"self":[{"href":"https:\/\/www.less2care.com\/de\/wp-json\/wp\/v2\/pages\/98","targetHints":{"allow":["GET"]}}],"collection":[{"href":"https:\/\/www.less2care.com\/de\/wp-json\/wp\/v2\/pages"}],"about":[{"href":"https:\/\/www.less2care.com\/de\/wp-json\/wp\/v2\/types\/page"}],"author":[{"embeddable":true,"href":"https:\/\/www.less2care.com\/de\/wp-json\/wp\/v2\/users\/2"}],"replies":[{"embeddable":true,"href":"https:\/\/www.less2care.com\/de\/wp-json\/wp\/v2\/comments?post=98"}],"version-history":[{"count":147,"href":"https:\/\/www.less2care.com\/de\/wp-json\/wp\/v2\/pages\/98\/revisions"}],"predecessor-version":[{"id":4195,"href":"https:\/\/www.less2care.com\/de\/wp-json\/wp\/v2\/pages\/98\/revisions\/4195"}],"wp:attachment":[{"href":"https:\/\/www.less2care.com\/de\/wp-json\/wp\/v2\/media?parent=98"}],"curies":[{"name":"wp","href":"https:\/\/api.w.org\/{rel}","templated":true}]}}