{"id":102,"date":"2023-08-01T12:30:19","date_gmt":"2023-08-01T12:30:19","guid":{"rendered":"https:\/\/www.less2care.com\/?page_id=102"},"modified":"2025-11-04T11:18:40","modified_gmt":"2025-11-04T11:18:40","slug":"iso-safe-inzamelsysteem","status":"publish","type":"page","link":"https:\/\/www.less2care.com\/de\/iso-safe-inzamelsysteem\/","title":{"rendered":"Iso-Safe"},"content":{"rendered":"<div data-elementor-type=\"wp-page\" data-elementor-id=\"102\" class=\"elementor elementor-102\" data-elementor-post-type=\"page\">\n\t\t\t\t<div class=\"elementor-element elementor-element-34a4872 e-con-full e-flex e-con e-parent\" data-id=\"34a4872\" data-element_type=\"container\" data-settings=\"{&quot;background_background&quot;:&quot;classic&quot;}\">\n\t\t<div class=\"elementor-element elementor-element-27c52d1 e-con-full e-flex e-con e-child\" data-id=\"27c52d1\" data-element_type=\"container\" data-settings=\"{&quot;background_background&quot;:&quot;classic&quot;}\">\n\t\t\t\t<div class=\"elementor-element elementor-element-0b35704 elementor-widget elementor-widget-heading\" data-id=\"0b35704\" data-element_type=\"widget\" data-widget_type=\"heading.default\">\n\t\t\t\t<div class=\"elementor-widget-container\">\n\t\t\t\t\t<h1 class=\"elementor-heading-title elementor-size-default\">Der praktische und hygienische Einsammler mit Fu\u00dfbedienung<\/h1>\t\t\t\t<\/div>\n\t\t\t\t<\/div>\n\t\t\t\t<\/div>\n\t\t\t\t<\/div>\n\t\t<div class=\"elementor-element elementor-element-20f2c037 e-flex e-con-boxed e-con e-parent\" data-id=\"20f2c037\" data-element_type=\"container\">\n\t\t\t\t\t<div class=\"e-con-inner\">\n\t\t<div class=\"elementor-element elementor-element-dd34a32 e-con-full e-flex e-con e-child\" data-id=\"dd34a32\" data-element_type=\"container\">\n\t\t\t\t<div class=\"elementor-element elementor-element-2d9e4c9 elementor-widget elementor-widget-heading\" data-id=\"2d9e4c9\" data-element_type=\"widget\" data-widget_type=\"heading.default\">\n\t\t\t\t<div class=\"elementor-widget-container\">\n\t\t\t\t\t<h2 class=\"elementor-heading-title elementor-size-default\">Das Werkzeug schlechthin zum Einsammeln von Inkontinenzmaterial<\/h2>\t\t\t\t<\/div>\n\t\t\t\t<\/div>\n\t\t\t\t<div class=\"elementor-element elementor-element-26b0a5c2 elementor-widget elementor-widget-text-editor\" data-id=\"26b0a5c2\" data-element_type=\"widget\" data-widget_type=\"text-editor.default\">\n\t\t\t\t<div class=\"elementor-widget-container\">\n\t\t\t\t\t\t\t\t\t<p>Das Einsammelsystem von Less2Care verk\u00fcrzt die Laufwege in Pflegeeinrichtungen drastisch. Regelm\u00e4\u00dfige Laufstrecken zum Bettpfannen-Sp\u00fclger\u00e4t, -Abfallzerkleinerer oder Container geh\u00f6ren der Vergangenheit an. <strong>Auf diese Weise sorgt der Iso-Safe f\u00fcr eine erhebliche Zeitersparnis und eine geringere Arbeitsbelastung des Pflegepersonals.\u00a0 <\/strong><\/p><p>Alle Vorg\u00e4nge k\u00f6nnen an einer einzigen Stelle stattfinden. Der gesamte Pflegeabfall kann direkt an der T\u00fcr des Bewohners eingesammelt werden. Auch k\u00f6nnen Pflegeabf\u00e4lle l\u00e4nger auf den Stationen verbleiben, ohne unangenehme Ger\u00fcche freizusetzen.<\/p>\t\t\t\t\t\t\t\t<\/div>\n\t\t\t\t<\/div>\n\t\t<div class=\"elementor-element elementor-element-f624813 e-flex e-con-boxed e-con e-child\" data-id=\"f624813\" data-element_type=\"container\">\n\t\t\t\t\t<div class=\"e-con-inner\">\n\t\t\t\t<div class=\"elementor-element elementor-element-2ff3aa0 elementor-widget elementor-widget-button\" data-id=\"2ff3aa0\" data-element_type=\"widget\" data-widget_type=\"button.default\">\n\t\t\t\t<div class=\"elementor-widget-container\">\n\t\t\t\t\t\t\t\t\t<div class=\"elementor-button-wrapper\">\n\t\t\t\t\t<a class=\"elementor-button elementor-button-link elementor-size-sm\" href=\"\/de\/brochure-aanvragen\/\">\n\t\t\t\t\t\t<span class=\"elementor-button-content-wrapper\">\n\t\t\t\t\t\t\t\t\t<span class=\"elementor-button-text\">Brosch\u00fcre downloaden<\/span>\n\t\t\t\t\t<\/span>\n\t\t\t\t\t<\/a>\n\t\t\t\t<\/div>\n\t\t\t\t\t\t\t\t<\/div>\n\t\t\t\t<\/div>\n\t\t\t\t\t<\/div>\n\t\t\t\t<\/div>\n\t\t\t\t<\/div>\n\t\t\t\t<div class=\"elementor-element elementor-element-7a30d658 elementor-widget__width-initial elementor-widget-tablet__width-initial elementor-invisible elementor-widget elementor-widget-image\" data-id=\"7a30d658\" data-element_type=\"widget\" data-settings=\"{&quot;_animation&quot;:&quot;fadeInRight&quot;}\" data-widget_type=\"image.default\">\n\t\t\t\t<div class=\"elementor-widget-container\">\n\t\t\t\t\t\t\t\t\t\t\t\t\t\t\t<img fetchpriority=\"high\" decoding=\"async\" width=\"800\" height=\"867\" src=\"https:\/\/www.less2care.com\/wp-content\/uploads\/2023\/08\/Iso-Safe-met-Iso-Bag-945x1024.png\" class=\"attachment-large size-large wp-image-727\" alt=\"Iso-Safe-met-Iso-Bag\" srcset=\"https:\/\/www.less2care.com\/wp-content\/uploads\/2023\/08\/Iso-Safe-met-Iso-Bag-945x1024.png 945w, https:\/\/www.less2care.com\/wp-content\/uploads\/2023\/08\/Iso-Safe-met-Iso-Bag-277x300.png 277w, https:\/\/www.less2care.com\/wp-content\/uploads\/2023\/08\/Iso-Safe-met-Iso-Bag-768x832.png 768w, https:\/\/www.less2care.com\/wp-content\/uploads\/2023\/08\/Iso-Safe-met-Iso-Bag-1417x1536.png 1417w, https:\/\/www.less2care.com\/wp-content\/uploads\/2023\/08\/Iso-Safe-met-Iso-Bag-11x12.png 11w, https:\/\/www.less2care.com\/wp-content\/uploads\/2023\/08\/Iso-Safe-met-Iso-Bag.png 1548w\" sizes=\"(max-width: 800px) 100vw, 800px\" \/>\t\t\t\t\t\t\t\t\t\t\t\t\t\t\t<\/div>\n\t\t\t\t<\/div>\n\t\t\t\t\t<\/div>\n\t\t\t\t<\/div>\n\t\t<div class=\"elementor-element elementor-element-7c1e9da e-con-full e-flex e-con e-parent\" data-id=\"7c1e9da\" data-element_type=\"container\" data-settings=\"{&quot;background_background&quot;:&quot;classic&quot;}\">\n\t\t\t\t<div class=\"elementor-element elementor-element-da8d872 elementor-widget elementor-widget-heading\" data-id=\"da8d872\" data-element_type=\"widget\" data-widget_type=\"heading.default\">\n\t\t\t\t<div class=\"elementor-widget-container\">\n\t\t\t\t\t<h2 class=\"elementor-heading-title elementor-size-default\">Zelf ervaren?<\/h2>\t\t\t\t<\/div>\n\t\t\t\t<\/div>\n\t\t\t\t<div class=\"elementor-element elementor-element-56590d7 elementor-widget elementor-widget-heading\" data-id=\"56590d7\" data-element_type=\"widget\" data-widget_type=\"heading.default\">\n\t\t\t\t<div class=\"elementor-widget-container\">\n\t\t\t\t\t<h2 class=\"elementor-heading-title elementor-size-default\">Vraag een vrijblijvende demo of proefplaatsing aan<\/h2>\t\t\t\t<\/div>\n\t\t\t\t<\/div>\n\t\t\t\t<div class=\"elementor-element elementor-element-cdb670d elementor-align-center elementor-widget elementor-widget-button\" data-id=\"cdb670d\" data-element_type=\"widget\" data-widget_type=\"button.default\">\n\t\t\t\t<div class=\"elementor-widget-container\">\n\t\t\t\t\t\t\t\t\t<div class=\"elementor-button-wrapper\">\n\t\t\t\t\t<a class=\"elementor-button elementor-button-link elementor-size-sm\" href=\"\/de\/contact\/\">\n\t\t\t\t\t\t<span class=\"elementor-button-content-wrapper\">\n\t\t\t\t\t\t\t\t\t<span class=\"elementor-button-text\">klik hier<\/span>\n\t\t\t\t\t<\/span>\n\t\t\t\t\t<\/a>\n\t\t\t\t<\/div>\n\t\t\t\t\t\t\t\t<\/div>\n\t\t\t\t<\/div>\n\t\t\t\t<\/div>\n\t\t<div class=\"elementor-element elementor-element-38fb98f9 e-flex e-con-boxed e-con e-parent\" data-id=\"38fb98f9\" data-element_type=\"container\">\n\t\t\t\t\t<div class=\"e-con-inner\">\n\t\t\t\t<div class=\"elementor-element elementor-element-7f6847bc elementor-widget__width-initial elementor-widget-tablet__width-inherit elementor-widget elementor-widget-image\" data-id=\"7f6847bc\" data-element_type=\"widget\" data-widget_type=\"image.default\">\n\t\t\t\t<div class=\"elementor-widget-container\">\n\t\t\t\t\t\t\t\t\t\t\t\t\t\t\t<img decoding=\"async\" width=\"800\" height=\"532\" src=\"https:\/\/www.less2care.com\/wp-content\/uploads\/2023\/09\/DSC_9530-1024x681.jpg\" class=\"attachment-large size-large wp-image-1649\" alt=\"Iso-Safe en Iso-Air\" srcset=\"https:\/\/www.less2care.com\/wp-content\/uploads\/2023\/09\/DSC_9530-1024x681.jpg 1024w, https:\/\/www.less2care.com\/wp-content\/uploads\/2023\/09\/DSC_9530-300x200.jpg 300w, https:\/\/www.less2care.com\/wp-content\/uploads\/2023\/09\/DSC_9530-768x511.jpg 768w, https:\/\/www.less2care.com\/wp-content\/uploads\/2023\/09\/DSC_9530-1536x1022.jpg 1536w, https:\/\/www.less2care.com\/wp-content\/uploads\/2023\/09\/DSC_9530-2048x1362.jpg 2048w, https:\/\/www.less2care.com\/wp-content\/uploads\/2023\/09\/DSC_9530-18x12.jpg 18w\" sizes=\"(max-width: 800px) 100vw, 800px\" \/>\t\t\t\t\t\t\t\t\t\t\t\t\t\t\t<\/div>\n\t\t\t\t<\/div>\n\t\t<div class=\"elementor-element elementor-element-5c34fc35 e-con-full e-flex e-con e-child\" data-id=\"5c34fc35\" data-element_type=\"container\">\n\t\t\t\t<div class=\"elementor-element elementor-element-1f3a5d5d elementor-widget elementor-widget-image\" data-id=\"1f3a5d5d\" data-element_type=\"widget\" data-widget_type=\"image.default\">\n\t\t\t\t<div class=\"elementor-widget-container\">\n\t\t\t\t\t\t\t\t\t\t\t\t\t\t\t<img decoding=\"async\" width=\"341\" height=\"124\" src=\"https:\/\/www.less2care.com\/wp-content\/uploads\/2023\/08\/Iso-Safe.png\" class=\"attachment-large size-large wp-image-296\" alt=\"Logo Iso-Safe\" srcset=\"https:\/\/www.less2care.com\/wp-content\/uploads\/2023\/08\/Iso-Safe.png 341w, https:\/\/www.less2care.com\/wp-content\/uploads\/2023\/08\/Iso-Safe-300x109.png 300w\" sizes=\"(max-width: 341px) 100vw, 341px\" \/>\t\t\t\t\t\t\t\t\t\t\t\t\t\t\t<\/div>\n\t\t\t\t<\/div>\n\t\t\t\t<div class=\"elementor-element elementor-element-347464c4 elementor-widget elementor-widget-heading\" data-id=\"347464c4\" data-element_type=\"widget\" data-widget_type=\"heading.default\">\n\t\t\t\t<div class=\"elementor-widget-container\">\n\t\t\t\t\t<h2 class=\"elementor-heading-title elementor-size-default\">Sicheres Einsammeln mit dem Iso-Safe<\/h2>\t\t\t\t<\/div>\n\t\t\t\t<\/div>\n\t\t\t\t<div class=\"elementor-element elementor-element-d8d935c elementor-widget elementor-widget-text-editor\" data-id=\"d8d935c\" data-element_type=\"widget\" data-widget_type=\"text-editor.default\">\n\t\t\t\t<div class=\"elementor-widget-container\">\n\t\t\t\t\t\t\t\t\t<p>Der Iso-Safe hat einen Gummiverschluss mit starker Klemmfeder und daher keinen Deckel. Dadurch wird beim \u00d6ffnen minimale Luftbewegung verursacht. Beim Schlie\u00dfen wird der Iso-Bag luftdicht verschlossen.<\/p>\n<p>Gem\u00e4\u00df den <a href=\"https:\/\/www.sri-richtlijnen.nl\/domein-langdurige-zorg\">SRI-Richtlinien<\/a> besitzt der Iso-Safe Fu\u00dfbedienung.<\/p>\n<p>Er ist wartungsfreundlich, denn er ist leicht zu reinigen und zu desinfizieren.<\/p>\n<p>Die hochwertigen und langlebigen Komponenten verleihen dem Wagen eine lange Lebensdauer.<\/p>\t\t\t\t\t\t\t\t<\/div>\n\t\t\t\t<\/div>\n\t\t\t\t<div class=\"elementor-element elementor-element-107779da elementor-widget elementor-widget-button\" data-id=\"107779da\" data-element_type=\"widget\" data-widget_type=\"button.default\">\n\t\t\t\t<div class=\"elementor-widget-container\">\n\t\t\t\t\t\t\t\t\t<div class=\"elementor-button-wrapper\">\n\t\t\t\t\t<a class=\"elementor-button elementor-button-link elementor-size-sm\" href=\"\/de\/brochure-aanvragen\/\">\n\t\t\t\t\t\t<span class=\"elementor-button-content-wrapper\">\n\t\t\t\t\t\t\t\t\t<span class=\"elementor-button-text\">Brosch\u00fcre downloaden<\/span>\n\t\t\t\t\t<\/span>\n\t\t\t\t\t<\/a>\n\t\t\t\t<\/div>\n\t\t\t\t\t\t\t\t<\/div>\n\t\t\t\t<\/div>\n\t\t\t\t<\/div>\n\t\t\t\t\t<\/div>\n\t\t\t\t<\/div>\n\t\t\t\t<\/div>","protected":false},"excerpt":{"rendered":"<p>De praktische en hygi\u00ebnische inzamelaar met voetbediening H\u00e9t hulpmiddel voor de inzameling van incontinentiemateriaal Met het inzamelsysteem van Less2Care worden loopafstanden in zorginstellingen drastisch verminderd. Regelmatige looplijnen naar de pospoeler, vermaler of containers behoren tot het verleden. Zo zorgt de Iso-Safe\u00a0voor een forse tijdsbesparing en verlaagde werkdruk voor de zorgmedewerkers.\u00a0 Alle handelingen kunnen op \u00e9\u00e9n [&hellip;]<\/p>","protected":false},"author":2,"featured_media":0,"parent":0,"menu_order":0,"comment_status":"closed","ping_status":"closed","template":"","meta":{"content-type":"","footnotes":""},"class_list":["post-102","page","type-page","status-publish","hentry"],"yoast_head":"<!-- This site is optimized with the Yoast SEO Premium plugin v26.5 (Yoast SEO v26.5) - https:\/\/yoast.com\/wordpress\/plugins\/seo\/ -->\n<title>Iso-Safe - Less2Care<\/title>\n<meta name=\"description\" content=\"De praktische en hygi\u00ebnische inzamelaar. Naast veilig en efficient inzamelen zorgt de Iso-Safe voor tijdbesparing en een verlaagde werkdruk.\" \/>\n<meta name=\"robots\" content=\"index, follow, max-snippet:-1, max-image-preview:large, max-video-preview:-1\" \/>\n<link rel=\"canonical\" href=\"https:\/\/www.less2care.com\/de\/iso-safe-inzamelsysteem\/\" \/>\n<meta property=\"og:locale\" content=\"de_DE\" \/>\n<meta property=\"og:type\" content=\"article\" \/>\n<meta property=\"og:title\" content=\"Iso-Safe\" \/>\n<meta property=\"og:description\" content=\"De praktische en hygi\u00ebnische inzamelaar. Naast veilig en efficient inzamelen zorgt de Iso-Safe voor tijdbesparing en een verlaagde werkdruk.\" \/>\n<meta property=\"og:url\" content=\"https:\/\/www.less2care.com\/de\/iso-safe-inzamelsysteem\/\" \/>\n<meta property=\"og:site_name\" content=\"Less2Care\" \/>\n<meta property=\"article:modified_time\" content=\"2025-11-04T11:18:40+00:00\" \/>\n<meta property=\"og:image\" content=\"https:\/\/www.less2care.com\/wp-content\/uploads\/2023\/08\/Iso-Safe-met-Iso-Bag.png\" \/>\n\t<meta property=\"og:image:width\" content=\"1548\" \/>\n\t<meta property=\"og:image:height\" content=\"1678\" \/>\n\t<meta property=\"og:image:type\" content=\"image\/png\" \/>\n<meta name=\"twitter:card\" content=\"summary_large_image\" \/>\n<meta name=\"twitter:label1\" content=\"Gesch\u00e4tzte Lesezeit\" \/>\n\t<meta name=\"twitter:data1\" content=\"2\u00a0Minuten\" \/>\n<script type=\"application\/ld+json\" class=\"yoast-schema-graph\">{\"@context\":\"https:\/\/schema.org\",\"@graph\":[{\"@type\":\"WebPage\",\"@id\":\"https:\/\/www.less2care.com\/iso-safe-inzamelsysteem\/\",\"url\":\"https:\/\/www.less2care.com\/iso-safe-inzamelsysteem\/\",\"name\":\"Iso-Safe - Less2Care\",\"isPartOf\":{\"@id\":\"https:\/\/www.less2care.com\/#website\"},\"primaryImageOfPage\":{\"@id\":\"https:\/\/www.less2care.com\/iso-safe-inzamelsysteem\/#primaryimage\"},\"image\":{\"@id\":\"https:\/\/www.less2care.com\/iso-safe-inzamelsysteem\/#primaryimage\"},\"thumbnailUrl\":\"https:\/\/www.less2care.com\/wp-content\/uploads\/2023\/08\/Iso-Safe-met-Iso-Bag-945x1024.png\",\"datePublished\":\"2023-08-01T12:30:19+00:00\",\"dateModified\":\"2025-11-04T11:18:40+00:00\",\"description\":\"De praktische en hygi\u00ebnische inzamelaar. Naast veilig en efficient inzamelen zorgt de Iso-Safe voor tijdbesparing en een verlaagde werkdruk.\",\"breadcrumb\":{\"@id\":\"https:\/\/www.less2care.com\/iso-safe-inzamelsysteem\/#breadcrumb\"},\"inLanguage\":\"de\",\"potentialAction\":[{\"@type\":\"ReadAction\",\"target\":[\"https:\/\/www.less2care.com\/iso-safe-inzamelsysteem\/\"]}]},{\"@type\":\"ImageObject\",\"inLanguage\":\"de\",\"@id\":\"https:\/\/www.less2care.com\/iso-safe-inzamelsysteem\/#primaryimage\",\"url\":\"https:\/\/www.less2care.com\/wp-content\/uploads\/2023\/08\/Iso-Safe-met-Iso-Bag-945x1024.png\",\"contentUrl\":\"https:\/\/www.less2care.com\/wp-content\/uploads\/2023\/08\/Iso-Safe-met-Iso-Bag-945x1024.png\"},{\"@type\":\"BreadcrumbList\",\"@id\":\"https:\/\/www.less2care.com\/iso-safe-inzamelsysteem\/#breadcrumb\",\"itemListElement\":[{\"@type\":\"ListItem\",\"position\":1,\"name\":\"Home\",\"item\":\"https:\/\/www.less2care.com\/\"},{\"@type\":\"ListItem\",\"position\":2,\"name\":\"Iso-Safe\"}]},{\"@type\":\"WebSite\",\"@id\":\"https:\/\/www.less2care.com\/#website\",\"url\":\"https:\/\/www.less2care.com\/\",\"name\":\"Less2Care\",\"description\":\"Wij zorgen voor waardige zorg\",\"publisher\":{\"@id\":\"https:\/\/www.less2care.com\/#organization\"},\"potentialAction\":[{\"@type\":\"SearchAction\",\"target\":{\"@type\":\"EntryPoint\",\"urlTemplate\":\"https:\/\/www.less2care.com\/?s={search_term_string}\"},\"query-input\":{\"@type\":\"PropertyValueSpecification\",\"valueRequired\":true,\"valueName\":\"search_term_string\"}}],\"inLanguage\":\"de\"},{\"@type\":\"Organization\",\"@id\":\"https:\/\/www.less2care.com\/#organization\",\"name\":\"Less2Care\",\"url\":\"https:\/\/www.less2care.com\/\",\"logo\":{\"@type\":\"ImageObject\",\"inLanguage\":\"de\",\"@id\":\"https:\/\/www.less2care.com\/#\/schema\/logo\/image\/\",\"url\":\"https:\/\/www.less2care.com\/wp-content\/uploads\/2023\/08\/cropped-kleur-logo-liggend-L2C.png\",\"contentUrl\":\"https:\/\/www.less2care.com\/wp-content\/uploads\/2023\/08\/cropped-kleur-logo-liggend-L2C.png\",\"width\":2136,\"height\":441,\"caption\":\"Less2Care\"},\"image\":{\"@id\":\"https:\/\/www.less2care.com\/#\/schema\/logo\/image\/\"}}]}<\/script>\n<!-- \/ Yoast SEO Premium plugin. -->","yoast_head_json":{"title":"Iso-Safe - Less2Care","description":"De praktische en hygi\u00ebnische inzamelaar. Naast veilig en efficient inzamelen zorgt de Iso-Safe voor tijdbesparing en een verlaagde werkdruk.","robots":{"index":"index","follow":"follow","max-snippet":"max-snippet:-1","max-image-preview":"max-image-preview:large","max-video-preview":"max-video-preview:-1"},"canonical":"https:\/\/www.less2care.com\/de\/iso-safe-inzamelsysteem\/","og_locale":"de_DE","og_type":"article","og_title":"Iso-Safe","og_description":"De praktische en hygi\u00ebnische inzamelaar. Naast veilig en efficient inzamelen zorgt de Iso-Safe voor tijdbesparing en een verlaagde werkdruk.","og_url":"https:\/\/www.less2care.com\/de\/iso-safe-inzamelsysteem\/","og_site_name":"Less2Care","article_modified_time":"2025-11-04T11:18:40+00:00","og_image":[{"width":1548,"height":1678,"url":"https:\/\/www.less2care.com\/wp-content\/uploads\/2023\/08\/Iso-Safe-met-Iso-Bag.png","type":"image\/png"}],"twitter_card":"summary_large_image","twitter_misc":{"Gesch\u00e4tzte Lesezeit":"2\u00a0Minuten"},"schema":{"@context":"https:\/\/schema.org","@graph":[{"@type":"WebPage","@id":"https:\/\/www.less2care.com\/iso-safe-inzamelsysteem\/","url":"https:\/\/www.less2care.com\/iso-safe-inzamelsysteem\/","name":"Iso-Safe - Less2Care","isPartOf":{"@id":"https:\/\/www.less2care.com\/#website"},"primaryImageOfPage":{"@id":"https:\/\/www.less2care.com\/iso-safe-inzamelsysteem\/#primaryimage"},"image":{"@id":"https:\/\/www.less2care.com\/iso-safe-inzamelsysteem\/#primaryimage"},"thumbnailUrl":"https:\/\/www.less2care.com\/wp-content\/uploads\/2023\/08\/Iso-Safe-met-Iso-Bag-945x1024.png","datePublished":"2023-08-01T12:30:19+00:00","dateModified":"2025-11-04T11:18:40+00:00","description":"De praktische en hygi\u00ebnische inzamelaar. Naast veilig en efficient inzamelen zorgt de Iso-Safe voor tijdbesparing en een verlaagde werkdruk.","breadcrumb":{"@id":"https:\/\/www.less2care.com\/iso-safe-inzamelsysteem\/#breadcrumb"},"inLanguage":"de","potentialAction":[{"@type":"ReadAction","target":["https:\/\/www.less2care.com\/iso-safe-inzamelsysteem\/"]}]},{"@type":"ImageObject","inLanguage":"de","@id":"https:\/\/www.less2care.com\/iso-safe-inzamelsysteem\/#primaryimage","url":"https:\/\/www.less2care.com\/wp-content\/uploads\/2023\/08\/Iso-Safe-met-Iso-Bag-945x1024.png","contentUrl":"https:\/\/www.less2care.com\/wp-content\/uploads\/2023\/08\/Iso-Safe-met-Iso-Bag-945x1024.png"},{"@type":"BreadcrumbList","@id":"https:\/\/www.less2care.com\/iso-safe-inzamelsysteem\/#breadcrumb","itemListElement":[{"@type":"ListItem","position":1,"name":"Home","item":"https:\/\/www.less2care.com\/"},{"@type":"ListItem","position":2,"name":"Iso-Safe"}]},{"@type":"WebSite","@id":"https:\/\/www.less2care.com\/#website","url":"https:\/\/www.less2care.com\/","name":"Less2Care","description":"Wij zorgen voor waardige zorg","publisher":{"@id":"https:\/\/www.less2care.com\/#organization"},"potentialAction":[{"@type":"SearchAction","target":{"@type":"EntryPoint","urlTemplate":"https:\/\/www.less2care.com\/?s={search_term_string}"},"query-input":{"@type":"PropertyValueSpecification","valueRequired":true,"valueName":"search_term_string"}}],"inLanguage":"de"},{"@type":"Organization","@id":"https:\/\/www.less2care.com\/#organization","name":"Less2Care","url":"https:\/\/www.less2care.com\/","logo":{"@type":"ImageObject","inLanguage":"de","@id":"https:\/\/www.less2care.com\/#\/schema\/logo\/image\/","url":"https:\/\/www.less2care.com\/wp-content\/uploads\/2023\/08\/cropped-kleur-logo-liggend-L2C.png","contentUrl":"https:\/\/www.less2care.com\/wp-content\/uploads\/2023\/08\/cropped-kleur-logo-liggend-L2C.png","width":2136,"height":441,"caption":"Less2Care"},"image":{"@id":"https:\/\/www.less2care.com\/#\/schema\/logo\/image\/"}}]}},"_links":{"self":[{"href":"https:\/\/www.less2care.com\/de\/wp-json\/wp\/v2\/pages\/102","targetHints":{"allow":["GET"]}}],"collection":[{"href":"https:\/\/www.less2care.com\/de\/wp-json\/wp\/v2\/pages"}],"about":[{"href":"https:\/\/www.less2care.com\/de\/wp-json\/wp\/v2\/types\/page"}],"author":[{"embeddable":true,"href":"https:\/\/www.less2care.com\/de\/wp-json\/wp\/v2\/users\/2"}],"replies":[{"embeddable":true,"href":"https:\/\/www.less2care.com\/de\/wp-json\/wp\/v2\/comments?post=102"}],"version-history":[{"count":127,"href":"https:\/\/www.less2care.com\/de\/wp-json\/wp\/v2\/pages\/102\/revisions"}],"predecessor-version":[{"id":4199,"href":"https:\/\/www.less2care.com\/de\/wp-json\/wp\/v2\/pages\/102\/revisions\/4199"}],"wp:attachment":[{"href":"https:\/\/www.less2care.com\/de\/wp-json\/wp\/v2\/media?parent=102"}],"curies":[{"name":"wp","href":"https:\/\/api.w.org\/{rel}","templated":true}]}}